{"id":410,"date":"2017-11-20T15:05:36","date_gmt":"2017-11-20T09:20:36","guid":{"rendered":"https:\/\/raratheme.com\/preview\/travel-agency-pro\/about-us\/"},"modified":"2022-08-20T17:19:06","modified_gmt":"2022-08-20T10:19:06","slug":"about-us","status":"publish","type":"page","link":"https:\/\/tannhattravel.com\/vi\/about-us\/","title":{"rendered":"Gi\u1edbi thi\u1ec7u"},"content":{"rendered":"\n<h4 class=\"wp-block-heading\">Gi\u1ea5y ph\u00e9p \u0111i\u1ec1u h\u00e0nh tour du l\u1ecbch qu\u1ed1c t\u1ebf<\/h4>\n\n\n\n<p>Hi\u1ec7n t\u1ea1i, kh\u00f4ng c\u00f3 nhi\u1ec1u C\u00f4ng ty l\u1eef h\u00e0nh t\u1ea1i Vi\u1ec7t Nam c\u00f3 gi\u1ea5y ph\u00e9p kinh doanh l\u1eef h\u00e0nh trong l\u0129nh v\u1ef1c qu\u1ed1c t\u1ebf. TNT HU\u1ebe Travel t\u1ef1 h\u00e0o l\u00e0 ch\u1ee7 s\u1edf h\u1eefu c\u1ee7a gi\u1ea5y ph\u00e9p n\u00e0y. B\u00e2y gi\u1edd ch\u00fang t\u00f4i c\u00f3 th\u1ec3 t\u1ef1 h\u00e0o t\u1ed5 ch\u1ee9c c\u00e1c tour du l\u1ecbch cho du kh\u00e1ch n\u01b0\u1edbc ngo\u00e0i \u0111\u1ebfn Vi\u1ec7t Nam. Gi\u1ea5y ph\u00e9p kinh doanh s\u1ed1: 46-022 \/ 2014 \/ TCDL-GPLHQT<\/p>\n\n\n\n<h4 class=\"wp-block-heading\">Kh\u00e1ch h\u00e0ng th\u00e2n m\u1ebfn!<\/h4>\n\n\n\n<p>V\u1edbi m\u1ee5c \u0111\u00edch t\u1ea1o ra m\u1ed9t kh\u00f4ng gian du l\u1ecbch m\u1edbi \u0111\u1ec3 kh\u00e1m ph\u00e1 v\u1ebb \u0111\u1eb9p c\u1ee7a thi\u00ean nhi\u00ean, con ng\u01b0\u1eddi v\u00e0 v\u0103n h\u00f3a c\u1ee7a th\u00e0nh ph\u1ed1 Hu\u1ebf n\u00f3i ri\u00eang c\u0169ng nh\u01b0 c\u00e1c \u0111i\u1ec3m \u0111\u1ebfn tr\u00ean m\u1ecdi mi\u1ec1n \u0111\u1ea5t n\u01b0\u1edbc n\u00f3i chung, Du l\u1ecbch T\u00e2n Nh\u1eadt \u0111\u01b0\u1ee3c th\u00e0nh l\u1eadp v\u1edbi ti\u00eau ch\u00ed \u0111\u00f3.<\/p>\n\n\n\n<p><strong>Tr\u1ee5 s\u1edf ch\u00ednh: 20\/423 Chi L\u0103ng, TP Hu\u1ebf<\/strong><\/p>\n\n\n\n<p><strong>V\u0103n ph\u00f2ng giao d\u1ecbch: 25C Tr\u1ea7n Cao V\u00e2n, Ph\u01b0\u1eddng Ph\u00fa H\u1ed9i, Th\u00e0nh ph\u1ed1 Hu\u1ebf<\/strong><\/p>\n\n\n\n<p>Du l\u1ecbch ng\u00e0y nay \u0111\u00e3 tr\u1edf th\u00e0nh nhu c\u1ea7u c\u1ee7a m\u1ed7i ch\u00fang ta. L\u00e0 m\u1ed9t trong nh\u1eefng \u0111\u01a1n v\u1ecb kinh doanh trong l\u0129nh v\u1ef1c du l\u1ecbch t\u1ea1i Vi\u1ec7t Nam, ngay t\u1eeb khi th\u00e0nh l\u1eadp, c\u00f4ng ty \u0111\u00e3 c\u00f3 nh\u1eefng b\u01b0\u1edbc ph\u00e1t tri\u1ec3n v\u01b0\u1ee3t b\u1eadc. V\u1edbi \u0111\u1ed9i ng\u0169 nh\u00e2n vi\u00ean nhi\u1ec7t t\u00ecnh, y\u00eau ngh\u1ec1 c\u00f9ng nh\u1eefng h\u01b0\u1edbng d\u1eabn vi\u00ean d\u00e0y d\u1eb7n kinh nghi\u1ec7m trong l\u0129nh v\u1ef1c du l\u1ecbch, l\u1eef h\u00e0nh h\u1ee9a h\u1eb9n s\u1ebd mang \u0111\u1ebfn cho du kh\u00e1ch nh\u1eefng gi\u1ea5c m\u01a1 c\u00f3 th\u1eadt. vui v\u1ebb, tho\u1ea3i m\u00e1i \u2026<\/p>\n\n\n\n<p>Ch\u00fang t\u00f4i, nh\u00e0 cung c\u1ea5p chuy\u00ean nghi\u1ec7p c\u00e1c ch\u01b0\u01a1ng tr\u00ecnh du l\u1ecbch, \u0111\u1eb7c bi\u1ec7t l\u00e0 ch\u01b0\u01a1ng tr\u00ecnh Opentour v\u00e0 c\u00e1c Tour tham quan th\u00e0nh ph\u1ed1 Hu\u1ebf, tham quan hang \u0111\u1ed9ng \u1edf Phong Nha &#8211; K\u1ebb B\u00e0ng v\u00e0 V\u01b0\u1eddn qu\u1ed1c gia B\u1ea1ch M\u00e3, H\u1ed9i An h\u00e0ng ng\u00e0y (H\u00e0nh tr\u00ecnh 4 \u0111i\u1ec3m d\u1eebng)<\/p>\n\n\n\n<p>C\u00f9ng v\u1edbi \u0111\u00f3, ch\u00fang t\u00f4i c\u00f2n mang \u0111\u1ebfn cho b\u1ea1n nh\u1eefng tour du l\u1ecbch kh\u00e1m ph\u00e1 h\u00e0nh tr\u00ecnh di s\u1ea3n, v\u1edbi ba di s\u1ea3n v\u0103n h\u00f3a th\u1ebf gi\u1edbi l\u00e0 C\u1ed1 \u0111\u00f4 Hu\u1ebf, ph\u1ed1 c\u1ed5 H\u1ed9i An v\u00e0 th\u00e1nh \u0111\u1ecba M\u1ef9 S\u01a1n m\u00e0 \u0110\u00e0 N\u1eb5ng l\u00e0 trung t\u00e2m c\u1ee7a ba \u0111i\u1ec3m \u0111\u1ebfn n\u00e0y. B\u1ea1n nh\u01b0 \u0111\u01b0\u1ee3c \u0111i gi\u1eefa kh\u00f4ng gian c\u1ed5 k\u00ednh v\u1edbi s\u1ef1 t\u0129nh l\u1eb7ng c\u1ee7a th\u1eddi gian, c\u1ee7a l\u1ecbch s\u1eed, c\u1ee7a n\u1ec1n v\u0103n h\u00f3a m\u00e0 l\u1edbp ng\u01b0\u1eddi x\u01b0a \u0111\u00e3 d\u00e0y c\u00f4ng x\u00e2y d\u1ef1ng tr\u00ean m\u1ea3nh \u0111\u1ea5t n\u00e0y. C\u00f9ng v\u1edbi B\u1ea3o t\u00e0ng \u0111i\u00eau kh\u1eafc Ch\u0103m, nh\u1eefng ki\u1ec7t t\u00e1c ngh\u1ec7 thu\u1eadt. Ng\u0169 H\u00e0nh S\u01a1n v\u1edbi n\u0103m ng\u1ecdn n\u00fai Kim &#8211; M\u1ed9c &#8211; Th\u1ee7y &#8211; H\u1ecfa &#8211; \u200b\u200bth\u1ed5 c\u0169ng l\u00e0 m\u1ed9t trong nh\u1eefng \u0111i\u1ec3m \u0111\u1ebfn kh\u00f4ng th\u1ec3 thi\u1ebfu trong h\u00e0nh tr\u00ecnh du l\u1ecbch c\u1ee7a du kh\u00e1ch khi \u0111\u1ebfn \u0110\u00e0 N\u1eb5ng.<\/p>\n\n\n\n<p>Nh\u01b0ng quan tr\u1ecdng nh\u1ea5t, ch\u00fang t\u00f4i l\u00e0 \u0111\u01a1n v\u1ecb ti\u00ean phong cung c\u1ea5p c\u00e1c s\u1ea3n ph\u1ea9m du l\u1ecbch kh\u00e1m ph\u00e1 VQG B\u1ea1ch M\u00e3. \u0110\u00e2y l\u00e0 tour \u0111\u01b0\u1ee3c \u0111\u1ea7u t\u01b0 r\u1ea5t quy m\u00f4 v\u00e0 ch\u1ea5t l\u01b0\u1ee3ng nh\u1eb1m mang \u0111\u1ebfn nh\u1eefng tr\u1ea3i nghi\u1ec7m t\u1ed1t nh\u1ea5t cho du kh\u00e1ch khi \u0111\u1ebfn tham quan V\u01b0\u1eddn Qu\u1ed1c gia B\u1ea1ch M\u00e3.<\/p>\n\n\n\n<p>Ch\u00fang t\u00f4i c\u00f2n cung c\u1ea5p c\u00e1c d\u1ecbch v\u1ee5 du l\u1ecbch kh\u00e1c k\u1ebft h\u1ee3p v\u1edbi c\u00e1c ch\u01b0\u01a1ng tr\u00ecnh H\u1ed9i ch\u1ee3, H\u1ed9i ngh\u1ecb kh\u00e1ch h\u00e0ng, Team-buiding\u2026 Ngo\u00e0i ra, c\u00f2n cung c\u1ea5p d\u1ecbch v\u1ee5 t\u1ed5 ch\u1ee9c s\u1ef1 ki\u1ec7n, ca m\u00faa nh\u1ea1c v\u00e0 cho thu\u00ea xe du l\u1ecbch. V\u00e9 m\u00e1y bay, v\u00e9 m\u00e1y bay, v\u00e9 opentour \u2026 hay c\u00e1c tour du l\u1ecbch qu\u1ed1c t\u1ebf theo y\u00eau c\u1ea7u c\u1ee7a kh\u00e1ch h\u00e0ng c\u0169ng l\u00e0 m\u1ed9t trong nh\u1eefng s\u1ea3n ph\u1ea9m du l\u1ecbch chuy\u00ean nghi\u1ec7p c\u1ee7a ch\u00fang t\u00f4i.<\/p>\n\n\n\n<p class=\"has-text-align-center\"><strong><em>B\u1ea1n s\u1ebd nh\u1eadn \u0111\u01b0\u1ee3c nh\u1eefng d\u1ecbch v\u1ee5 du l\u1ecbch t\u1ed1t nh\u1ea5t khi \u0111\u1ebfn v\u1edbi c\u00f4ng ty ch\u00fang t\u00f4i, h\u00e3y li\u00ean h\u1ec7 v\u1edbi ch\u00fang t\u00f4i trong th\u1eddi gian s\u1edbm nh\u1ea5t.<\/em><\/strong><\/p>\n\n\n\n<hr class=\"wp-block-separator has-alpha-channel-opacity\"\/>\n\n\n\n<h4 class=\"wp-block-heading\">C\u00e1c s\u1ea3n ph\u1ea9m du l\u1ecbch h\u00e0ng \u0111\u1ea7u t\u1ea1i c\u00f4ng ty ch\u00fang t\u00f4i:<\/h4>\n\n\n\n<ul class=\"wp-block-list\"><li>Tour m\u1edf kh\u1edfi h\u00e0nh h\u00e0ng ng\u00e0y \u0111\u1ebfn Phong Nha, V\u01b0\u1eddn Qu\u1ed1c gia B\u1ea1ch M\u00e3, H\u1ed9i An<\/li><li>Tour ch\u1ea5t l\u01b0\u1ee3ng cao kh\u1edfi h\u00e0nh th\u01b0\u1eddng xuy\u00ean<\/li><li>Tour du l\u1ecbch theo y\u00eau c\u1ea7u cho Vi\u1ec7t ki\u1ec1u v\u1ec1 th\u0103m qu\u00ea.<\/li><li>C\u00e1c tour du l\u1ecbch theo \u0111o\u00e0n v\u1edbi ch\u01b0\u01a1ng tr\u00ecnh v\u00e0 gi\u00e1 h\u1ea5p d\u1eabn<\/li><li>Du l\u1ecbch tr\u0103ng m\u1eadt cho c\u00e1c c\u1eb7p \u0111\u00f4i.<\/li><li>Tour h\u1ed9i ngh\u1ecb, h\u1ed9i th\u1ea3o<\/li><li>Du l\u1ecbch bi\u1ec3n.<\/li><li>T\u01b0 v\u1ea5n v\u00e0 thi\u1ebft k\u1ebf ch\u01b0\u01a1ng tr\u00ecnh team building cho c\u00e1c t\u1ed5 ch\u1ee9c, doanh nghi\u1ec7p<\/li><\/ul>\n\n\n\n<h4 class=\"wp-block-heading\">D\u1ecbch v\u1ee5 cho thu\u00ea xe<\/h4>\n\n\n\n<ul class=\"wp-block-list\"><li>D\u1ecbch v\u1ee5 cho thu\u00ea \u00f4 t\u00f4<\/li><\/ul>\n","protected":false},"excerpt":{"rendered":"<p>Gi\u1ea5y ph\u00e9p \u0111i\u1ec1u h\u00e0nh tour du l\u1ecbch qu\u1ed1c t\u1ebf Hi\u1ec7n t\u1ea1i, kh\u00f4ng c\u00f3 nhi\u1ec1u C\u00f4ng ty l\u1eef h\u00e0nh t\u1ea1i Vi\u1ec7t Nam c\u00f3 gi\u1ea5y ph\u00e9p kinh doanh l\u1eef h\u00e0nh trong l\u0129nh v\u1ef1c qu\u1ed1c t\u1ebf. TNT HU\u1ebe Travel t\u1ef1 h\u00e0o l\u00e0 ch\u1ee7 s\u1edf h\u1eefu c\u1ee7a gi\u1ea5y ph\u00e9p &hellip; <\/p>\n","protected":false},"author":1,"featured_media":0,"parent":0,"menu_order":0,"comment_status":"closed","ping_status":"closed","template":"","meta":{"footnotes":""},"class_list":["post-410","page","type-page","status-publish","hentry"],"_links":{"self":[{"href":"https:\/\/tannhattravel.com\/vi\/wp-json\/wp\/v2\/pages\/410","targetHints":{"allow":["GET"]}}],"collection":[{"href":"https:\/\/tannhattravel.com\/vi\/wp-json\/wp\/v2\/pages"}],"about":[{"href":"https:\/\/tannhattravel.com\/vi\/wp-json\/wp\/v2\/types\/page"}],"author":[{"embeddable":true,"href":"https:\/\/tannhattravel.com\/vi\/wp-json\/wp\/v2\/users\/1"}],"replies":[{"embeddable":true,"href":"https:\/\/tannhattravel.com\/vi\/wp-json\/wp\/v2\/comments?post=410"}],"version-history":[{"count":4,"href":"https:\/\/tannhattravel.com\/vi\/wp-json\/wp\/v2\/pages\/410\/revisions"}],"predecessor-version":[{"id":1908,"href":"https:\/\/tannhattravel.com\/vi\/wp-json\/wp\/v2\/pages\/410\/revisions\/1908"}],"wp:attachment":[{"href":"https:\/\/tannhattravel.com\/vi\/wp-json\/wp\/v2\/media?parent=410"}],"curies":[{"name":"wp","href":"https:\/\/api.w.org\/{rel}","templated":true}]}}