{"id":36,"date":"2017-10-18T08:47:49","date_gmt":"2017-10-18T08:47:49","guid":{"rendered":"https:\/\/raratheme.com\/preview\/travel-agency-pro\/?page_id=36"},"modified":"2022-08-21T00:38:45","modified_gmt":"2022-08-20T17:38:45","slug":"home","status":"publish","type":"page","link":"https:\/\/tannhattravel.com\/vi\/","title":{"rendered":"Trang ch\u1ee7"},"content":{"rendered":"<p>Ch\u00e0o m\u1eebng \u0111\u1ebfn v\u1edbi trang web c\u1ee7a b\u1ea1n! \u0110\u00e2y l\u00e0 trang ch\u1ee7 c\u1ee7a b\u1ea1n, l\u00e0 trang m\u00e0 h\u1ea7u h\u1ebft kh\u00e1ch truy c\u1eadp s\u1ebd th\u1ea5y khi h\u1ecd \u0111\u1ebfn trang web c\u1ee7a b\u1ea1n l\u1ea7n \u0111\u1ea7u ti\u00ean.<\/p>\n","protected":false},"excerpt":{"rendered":"<p>Ch\u00e0o m\u1eebng \u0111\u1ebfn v\u1edbi trang web c\u1ee7a b\u1ea1n! \u0110\u00e2y l\u00e0 trang ch\u1ee7 c\u1ee7a b\u1ea1n, l\u00e0 trang m\u00e0 h\u1ea7u h\u1ebft kh\u00e1ch truy c\u1eadp s\u1ebd th\u1ea5y khi h\u1ecd \u0111\u1ebfn trang web c\u1ee7a b\u1ea1n l\u1ea7n \u0111\u1ea7u ti\u00ean.<\/p>\n","protected":false},"author":1,"featured_media":0,"parent":0,"menu_order":0,"comment_status":"closed","ping_status":"closed","template":"","meta":{"footnotes":""},"class_list":["post-36","page","type-page","status-publish","hentry"],"_links":{"self":[{"href":"https:\/\/tannhattravel.com\/vi\/wp-json\/wp\/v2\/pages\/36","targetHints":{"allow":["GET"]}}],"collection":[{"href":"https:\/\/tannhattravel.com\/vi\/wp-json\/wp\/v2\/pages"}],"about":[{"href":"https:\/\/tannhattravel.com\/vi\/wp-json\/wp\/v2\/types\/page"}],"author":[{"embeddable":true,"href":"https:\/\/tannhattravel.com\/vi\/wp-json\/wp\/v2\/users\/1"}],"replies":[{"embeddable":true,"href":"https:\/\/tannhattravel.com\/vi\/wp-json\/wp\/v2\/comments?post=36"}],"version-history":[{"count":1,"href":"https:\/\/tannhattravel.com\/vi\/wp-json\/wp\/v2\/pages\/36\/revisions"}],"predecessor-version":[{"id":1928,"href":"https:\/\/tannhattravel.com\/vi\/wp-json\/wp\/v2\/pages\/36\/revisions\/1928"}],"wp:attachment":[{"href":"https:\/\/tannhattravel.com\/vi\/wp-json\/wp\/v2\/media?parent=36"}],"curies":[{"name":"wp","href":"https:\/\/api.w.org\/{rel}","templated":true}]}}