{"id":12,"date":"2022-07-19T16:09:00","date_gmt":"2022-07-19T16:09:00","guid":{"rendered":"https:\/\/tannhattravel.com\/?page_id=12"},"modified":"2022-08-21T00:04:03","modified_gmt":"2022-08-20T17:04:03","slug":"enquiry-thank-you-page","status":"publish","type":"page","link":"https:\/\/tannhattravel.com\/vi\/enquiry-thank-you-page\/","title":{"rendered":"C\u1ea3m \u01a1n v\u00ec \u0111\u00e3 g\u1eedi y\u00eau c\u1ea7u"},"content":{"rendered":"<p>C\u1ea3m \u01a1n b\u1ea1n \u0111\u00e3 \u0111\u1eb7t c\u00e2u h\u1ecfi. Ch\u00fang t\u00f4i s\u1ebd s\u1edbm li\u00ean h\u1ec7 v\u1edbi b\u1ea1n.<\/p>\n","protected":false},"excerpt":{"rendered":"<p>C\u1ea3m \u01a1n b\u1ea1n \u0111\u00e3 \u0111\u1eb7t c\u00e2u h\u1ecfi. Ch\u00fang t\u00f4i s\u1ebd s\u1edbm li\u00ean h\u1ec7 v\u1edbi b\u1ea1n.<\/p>\n","protected":false},"author":1,"featured_media":0,"parent":0,"menu_order":0,"comment_status":"closed","ping_status":"closed","template":"","meta":{"footnotes":""},"class_list":["post-12","page","type-page","status-publish","hentry"],"_links":{"self":[{"href":"https:\/\/tannhattravel.com\/vi\/wp-json\/wp\/v2\/pages\/12","targetHints":{"allow":["GET"]}}],"collection":[{"href":"https:\/\/tannhattravel.com\/vi\/wp-json\/wp\/v2\/pages"}],"about":[{"href":"https:\/\/tannhattravel.com\/vi\/wp-json\/wp\/v2\/types\/page"}],"author":[{"embeddable":true,"href":"https:\/\/tannhattravel.com\/vi\/wp-json\/wp\/v2\/users\/1"}],"replies":[{"embeddable":true,"href":"https:\/\/tannhattravel.com\/vi\/wp-json\/wp\/v2\/comments?post=12"}],"version-history":[{"count":1,"href":"https:\/\/tannhattravel.com\/vi\/wp-json\/wp\/v2\/pages\/12\/revisions"}],"predecessor-version":[{"id":1925,"href":"https:\/\/tannhattravel.com\/vi\/wp-json\/wp\/v2\/pages\/12\/revisions\/1925"}],"wp:attachment":[{"href":"https:\/\/tannhattravel.com\/vi\/wp-json\/wp\/v2\/media?parent=12"}],"curies":[{"name":"wp","href":"https:\/\/api.w.org\/{rel}","templated":true}]}}