{"id":13,"date":"2022-07-19T16:09:00","date_gmt":"2022-07-19T09:09:00","guid":{"rendered":"https:\/\/tannhattravel.com\/?page_id=13"},"modified":"2022-08-24T11:04:31","modified_gmt":"2022-08-24T04:04:31","slug":"thank-you-booking","status":"publish","type":"page","link":"https:\/\/tannhattravel.com\/en\/thank-you-booking\/","title":{"rendered":"C\u1ea3m \u01a1n v\u00ec \u0111\u00e3 \u0111\u1eb7t tour"},"content":{"rendered":"<p>Thank you for booking the trip. Please check your email for confirmation. Below is your booking detail:<\/p>","protected":false},"excerpt":{"rendered":"<p>Below is your booking detail:<\/p>","protected":false},"author":1,"featured_media":0,"parent":0,"menu_order":0,"comment_status":"closed","ping_status":"closed","template":"","meta":{"footnotes":""},"class_list":["post-13","page","type-page","status-publish","hentry"],"_links":{"self":[{"href":"https:\/\/tannhattravel.com\/en\/wp-json\/wp\/v2\/pages\/13","targetHints":{"allow":["GET"]}}],"collection":[{"href":"https:\/\/tannhattravel.com\/en\/wp-json\/wp\/v2\/pages"}],"about":[{"href":"https:\/\/tannhattravel.com\/en\/wp-json\/wp\/v2\/types\/page"}],"author":[{"embeddable":true,"href":"https:\/\/tannhattravel.com\/en\/wp-json\/wp\/v2\/users\/1"}],"replies":[{"embeddable":true,"href":"https:\/\/tannhattravel.com\/en\/wp-json\/wp\/v2\/comments?post=13"}],"version-history":[{"count":4,"href":"https:\/\/tannhattravel.com\/en\/wp-json\/wp\/v2\/pages\/13\/revisions"}],"predecessor-version":[{"id":1955,"href":"https:\/\/tannhattravel.com\/en\/wp-json\/wp\/v2\/pages\/13\/revisions\/1955"}],"wp:attachment":[{"href":"https:\/\/tannhattravel.com\/en\/wp-json\/wp\/v2\/media?parent=13"}],"curies":[{"name":"wp","href":"https:\/\/api.w.org\/{rel}","templated":true}]}}